{"id":13,"date":"2015-12-22T11:22:49","date_gmt":"2015-12-22T10:22:49","guid":{"rendered":"http:\/\/www.mvgrenzland.at\/?page_id=13"},"modified":"2015-12-23T09:54:33","modified_gmt":"2015-12-23T08:54:33","slug":"impressum","status":"publish","type":"page","link":"http:\/\/www.mvgrenzland.at\/?page_id=13","title":{"rendered":"Impressum"},"content":{"rendered":"<p><strong>Musikverein Grenzland Mannersdorf<\/strong><\/p>\n<p>&nbsp;<\/p>\n<blockquote><p>\nKontakt: Joachim Supper<br \/>\nAdresse: Hauptstrasse 41, 7444 Mannersdorf<br \/>\nTelefon: 0664\/5225114<br \/>\nE-Mail: mvgrenzland@gmail.com<br \/>\nInternet: www.mvgrenzland.at<\/p>\n<p>Bankverbindung: Raiffeisenbank Mannersdorf, IBAN AT79 3306 5000 0131 1372<br \/>\nVereinsregisternummer: 117836701<\/p>\n<p>Rechtliche Vertretung: Zur rechtlichen Vertretung nach au\u00dfen bedarf es stets Unterschriften zweier Vorstandsmitglieder!<\/p>\n<p>Fotos: Musikverein Grenzland Mannersdorf<br \/>\nF\u00fcr den Inhalt verantwortlich: Joachim Supper, Kerstin Bauer\n<\/p><\/blockquote>\n<p>&nbsp;<br \/>\n&nbsp;<\/p>\n<h3>Disclaimer\/Haftungsausschluss:<\/h3>\n<p><strong>1. Inhalt des Onlineangebotes<\/strong><br \/>\nDer Herausgeber der Website \u201cMusikverein Grenzland Mannersdorf\u201d \u00fcbernimmt keinerlei Gew\u00e4hr f\u00fcr die Aktualit\u00e4t, Korrektheit, Vollst\u00e4ndigkeit oder Qualit\u00e4t der bereitgestellten Informationen. Haftungsanspr\u00fcche gegen den Herausgeber, die sich auf Sch\u00e4den materieller oder ideeller Art beziehen, die durch die Nutzung oder Nichtnutzung der dargebotenen Informationen bzw. durch die Nutzung fehlerhafter und unvollst\u00e4ndiger Informationen verursacht wurden, sind grunds\u00e4tzlich ausgeschlossen, sofern seitens des Herausgebers kein nachweislich vors\u00e4tzliches oder grob fahrl\u00e4ssiges Verschulden vorliegt.<\/p>\n<p>Alle Angebote sind freibleibend und unverbindlich. Die Herausgeber behalten es sich ausdr\u00fccklich vor, Teile der Seiten oder das gesamte Angebot ohne gesonderte Ank\u00fcndigung zu ver\u00e4ndern, zu erg\u00e4nzen, zu l\u00f6schen oder die Ver\u00f6ffentlichung zeitweise oder endg\u00fcltig einzustellen.<\/p>\n<p><strong>2. Verweise und Links:<\/strong><br \/>\nBei direkten oder indirekten Verweisen auf fremde Internetseiten (\u201cLinks\u201d), die au\u00dferhalb des Verantwortungsbereiches der Herausgeber liegen, w\u00fcrde eine Haftungsverpflichtung ausschlie\u00dflich in dem Fall in Kraft treten, in dem die Herausgeber von den Inhalten Kenntnis haben und es ihnen technisch m\u00f6glich und zumutbar w\u00e4re, die Nutzung im Fall rechtswidriger Inhalte zu verhindern. Die Herausgeber erkl\u00e4ren daher ausdr\u00fccklich, dass zum Zeitpunkt der Linksetzung die entsprechenden verlinkten Seiten frei von illegalen Inhalten waren. Die Herausgeber haben keinerlei Einfluss auf die aktuelle und zuk\u00fcnftige Gestaltung und auf die Inhalte der gelinkten \/ verkn\u00fcpften Seiten. Deshalb distanzieren sie sich hiermit ausdr\u00fccklich von allen Inhalten aller gelinkten \/ verkn\u00fcpften Seiten. Diese Feststellung gilt f\u00fcr alle innerhalb des eigenen Internetangebots gesetzten Links und Verweise sowie f\u00fcr Fremdeintr\u00e4ge in von den Herausgebern eingerichteten G\u00e4steb\u00fcchern, Diskussionsforen und Mailinglisten. F\u00fcr illegale, fehlerhafte oder unvollst\u00e4ndige Inhalte und insbesondere f\u00fcr Sch\u00e4den, die aus der Nutzung oder Nichtnutzung solcherart dargebotener Informationen entstehen, haftet allein der Anbieter der Seite, auf die verwiesen wurde, nicht derjenige, der \u00fcber Links auf die jeweilige Ver\u00f6ffentlichung lediglich verweist.<\/p>\n<p><strong>3. Urheber- und Kennzeichenrecht<\/strong><br \/>\nDer Herausgeber ist bestrebt, in allen Publikationen die Urheberrechte der verwendeten Fotografien, Grafiken, Tondokumente, Videosequenzen und Texte zu beachten, von ihnen selbst erstellte Fotografien, Grafiken, Tondokumente, Videosequenzen und Texte zu nutzen oder auf lizenzfreie Fotografien, Grafiken, Tondokumente, Videosequenzen und Texte zur\u00fcckzugreifen. Alle innerhalb des Internetangebots genannten und gegebenenfalls durch Dritte gesch\u00fctzten Marken- und Warenzeichen unterliegen uneingeschr\u00e4nkt den Bestimmungen des jeweils g\u00fcltigen Kennzeichenrechts und den Besitzrechten der jeweiligen eingetragenen Eigent\u00fcmer. Allein aufgrund der blo\u00dfen Nennung ist nicht der Schluss zu ziehen, dass Markenzeichen nicht durch Rechte Dritter gesch\u00fctzt sind!<\/p>\n<p>F\u00fcr das Copyright der auf der Website vom Musikverein Grenzland Mannersdorf ver\u00f6ffentlichten Texte -Fotografien, -Grafiken, -Tondokumente und -Videosequenzen gilt der Musikverein Grenzland Mannersdorf-Copyrighthinweis.<\/p>\n<p><strong>4. Rechtswirksamkeit dieses Haftungsausschlusses<\/strong><br \/>\nDieser Disclaimer \/ Haftungsausschluss ist als Teil des Internetangebots zu betrachten, von dem aus auf diese Seite verwiesen wurde. Sofern Teile oder einzelne Formulierungen dieses Textes der geltenden Rechtslage nicht, nicht mehr oder nicht vollst\u00e4ndig entsprechen sollten, bleiben die \u00fcbrigen Teile des Dokuments in ihrem Inhalt und ihrer G\u00fcltigkeit davon unber\u00fchrt.<\/p>\n","protected":false},"excerpt":{"rendered":"<p>Musikverein Grenzland Mannersdorf &nbsp; Kontakt: Joachim Supper Adresse: Hauptstrasse 41, 7444 Mannersdorf Telefon: 0664\/5225114 E-Mail: mvgrenzland@gmail.com Internet: www.mvgrenzland.at Bankverbindung: Raiffeisenbank Mannersdorf, IBAN AT79 3306 5000 0131 1372 Vereinsregisternummer: 117836701 Rechtliche Vertretung: Zur rechtlichen Vertretung nach au\u00dfen bedarf es stets Unterschriften zweier Vorstandsmitglieder! Fotos: Musikverein Grenzland Mannersdorf F\u00fcr den Inhalt verantwortlich: Joachim Supper, Kerstin Bauer &nbsp; [&hellip;]<\/p>\n","protected":false},"author":1,"featured_media":0,"parent":0,"menu_order":0,"comment_status":"closed","ping_status":"closed","template":"","meta":{"footnotes":""},"_links":{"self":[{"href":"http:\/\/www.mvgrenzland.at\/index.php?rest_route=\/wp\/v2\/pages\/13"}],"collection":[{"href":"http:\/\/www.mvgrenzland.at\/index.php?rest_route=\/wp\/v2\/pages"}],"about":[{"href":"http:\/\/www.mvgrenzland.at\/index.php?rest_route=\/wp\/v2\/types\/page"}],"author":[{"embeddable":true,"href":"http:\/\/www.mvgrenzland.at\/index.php?rest_route=\/wp\/v2\/users\/1"}],"replies":[{"embeddable":true,"href":"http:\/\/www.mvgrenzland.at\/index.php?rest_route=%2Fwp%2Fv2%2Fcomments&post=13"}],"version-history":[{"count":4,"href":"http:\/\/www.mvgrenzland.at\/index.php?rest_route=\/wp\/v2\/pages\/13\/revisions"}],"predecessor-version":[{"id":58,"href":"http:\/\/www.mvgrenzland.at\/index.php?rest_route=\/wp\/v2\/pages\/13\/revisions\/58"}],"wp:attachment":[{"href":"http:\/\/www.mvgrenzland.at\/index.php?rest_route=%2Fwp%2Fv2%2Fmedia&parent=13"}],"curies":[{"name":"wp","href":"https:\/\/api.w.org\/{rel}","templated":true}]}}